{"id":12299,"date":"2023-02-22T16:04:53","date_gmt":"2023-02-22T16:04:53","guid":{"rendered":"https:\/\/www.aldevaldesign.com\/?page_id=12299"},"modified":"2023-03-16T16:14:23","modified_gmt":"2023-03-16T16:14:23","slug":"blog","status":"publish","type":"page","link":"https:\/\/www.aldevaldesign.com\/es\/blog\/","title":{"rendered":"Blog"},"content":{"rendered":"<div data-elementor-type=\"wp-page\" data-elementor-id=\"12299\" class=\"elementor elementor-12299\">\n\t\t\t\t\t\t\t\t\t<section class=\"elementor-section elementor-top-section elementor-element elementor-element-d1cd8fe elementor-section-stretched elementor-section-full_width elementor-section-height-default elementor-section-height-default\" data-id=\"d1cd8fe\" data-element_type=\"section\" data-settings=\"{&quot;stretch_section&quot;:&quot;section-stretched&quot;,&quot;background_background&quot;:&quot;classic&quot;}\">\n\t\t\t\t\t\t<div class=\"elementor-container elementor-column-gap-default\">\n\t\t\t\t\t<div class=\"elementor-column elementor-col-100 elementor-top-column elementor-element elementor-element-9e1bc73 animated-slow elementor-invisible\" data-id=\"9e1bc73\" data-element_type=\"column\" data-settings=\"{&quot;background_background&quot;:&quot;classic&quot;,&quot;animation&quot;:&quot;fadeIn&quot;,&quot;animation_delay&quot;:600}\">\n\t\t\t<div class=\"elementor-widget-wrap elementor-element-populated\">\n\t\t\t\t\t<div class=\"elementor-background-overlay\"><\/div>\n\t\t\t\t\t\t\t\t<div class=\"elementor-element elementor-element-3fd822e elementor-widget elementor-widget-writing-effect-headline\" data-id=\"3fd822e\" data-element_type=\"widget\" data-widget_type=\"writing-effect-headline.default\">\n\t\t\t\t<div class=\"elementor-widget-container\">\n\t\t\t\t\t<h1 class=\"a13ree-written-headline\" data-speed=\"33\" data-loop=\"0\">\r\n\t\t\t\t\t\t\t<span class=\"before-written\">Descubre nuestro blog<\/span>\r\n\t\t\t\r\n\t\t\t\r\n\t\t\t\t\t<\/h1>\r\n\t\t\t\t<\/div>\n\t\t\t\t<\/div>\n\t\t\t\t\t<\/div>\n\t\t<\/div>\n\t\t\t\t\t\t\t<\/div>\n\t\t<\/section>\n\t\t\t\t<section class=\"elementor-section elementor-top-section elementor-element elementor-element-52b7518 elementor-section-full_width elementor-section-stretched elementor-section-height-default elementor-section-height-default\" data-id=\"52b7518\" data-element_type=\"section\" data-settings=\"{&quot;stretch_section&quot;:&quot;section-stretched&quot;}\">\n\t\t\t\t\t\t<div class=\"elementor-container elementor-column-gap-default\">\n\t\t\t\t\t<div class=\"elementor-column elementor-col-100 elementor-top-column elementor-element elementor-element-99ab1e8\" data-id=\"99ab1e8\" data-element_type=\"column\">\n\t\t\t<div class=\"elementor-widget-wrap elementor-element-populated\">\n\t\t\t\t\t\t\t\t<div class=\"elementor-element elementor-element-75359dd elementor-widget elementor-widget-a13fe-post-list\" data-id=\"75359dd\" data-element_type=\"widget\" data-widget_type=\"a13fe-post-list.default\">\n\t\t\t\t<div class=\"elementor-widget-container\">\n\t\t\t<div class=\"bricks-frame posts-bricks posts-bricks-1  posts_vertical_centered posts-columns-4\"><div class=\"posts-grid-container\" data-margin=\"4\"><div class=\"grid-master\"><\/div><div class=\"archive-item w1 post-2384 post type-post status-publish format-standard has-post-thumbnail category-lifestyle category-news category-others\" data-category-71=\"1\" data-category-74=\"1\" data-category-72=\"1\" itemtype=\"https:\/\/schema.org\/CreativeWork\" itemscope><div class=\"item-image post-media\"><a href=\"https:\/\/www.aldevaldesign.com\/es\/health\/\"><img decoding=\"async\" width=\"447\" src=\"https:\/\/www.aldevaldesign.com\/wp-content\/uploads\/apollo13_images\/pexels-daniel-frank-688835-7crvcda20gzqxaa4jn0x5kdlqauvdgemo2.jpg\" class=\"attachment-447x0x1xx90 size-447x0x1xx90 wp-post-image\" alt=\"\" itemprop=\"image\" \/><\/a><\/div>\n<div class=\"formatter\">\n    <div class=\"real-content hentry\">\n\n        <h2 class=\"post-title entry-title\" itemprop=\"headline\"><a href=\"https:\/\/www.aldevaldesign.com\/es\/health\/\" itemprop=\"url\">El impacto de la arquitectura en la salud mental: dise\u00f1ar para el bienestar<\/a><\/h2>\n        <div class=\"entry-summary\" itemprop=\"text\">\n        <p>La arquitectura siempre ha jugado un papel crucial en la configuraci\u00f3n de nuestro entorno f\u00edsico, pero en los \u00faltimos a\u00f1os ha habido un reconocimiento creciente de las formas en que...<\/p>\n<p> <a class=\"more-link\" href=\"https:\/\/www.aldevaldesign.com\/es\/health\/\">Leer m\u00e1s<\/a><\/p>\n        <\/div>\n\n        <div class=\"clear\"><\/div>\n\n                \n    <\/div>\n<\/div><\/div><div class=\"archive-item w1 post-2389 post type-post status-publish format-standard has-post-thumbnail category-news category-others category-post\" data-category-74=\"1\" data-category-72=\"1\" data-category-75=\"1\" itemtype=\"https:\/\/schema.org\/CreativeWork\" itemscope><div class=\"item-image post-media\"><a href=\"https:\/\/www.aldevaldesign.com\/es\/tiny\/\"><img decoding=\"async\" width=\"447\" src=\"https:\/\/www.aldevaldesign.com\/wp-content\/uploads\/apollo13_images\/pexels-josh-hild-14611671-7crv9zmmau3ur4gr30qje9q7zukm2tmypu.jpg\" class=\"attachment-447x0x1xx90 size-447x0x1xx90 wp-post-image\" alt=\"\" itemprop=\"image\" \/><\/a><\/div>\n<div class=\"formatter\">\n    <div class=\"real-content hentry\">\n\n        <h2 class=\"post-title entry-title\" itemprop=\"headline\"><a href=\"https:\/\/www.aldevaldesign.com\/es\/tiny\/\" itemprop=\"url\">Las minicasas m\u00e1s sorprendentes del mundo<\/a><\/h2>\n        <div class=\"entry-summary\" itemprop=\"text\">\n        <p>Las casas diminutas se han convertido en una tendencia popular en los \u00faltimos a\u00f1os, ya que las personas buscan opciones de vivienda m\u00e1s asequibles y sostenibles. Pero algunos arquitectos y dise\u00f1adores han tomado...<\/p>\n<p> <a class=\"more-link\" href=\"https:\/\/www.aldevaldesign.com\/es\/tiny\/\">Leer m\u00e1s<\/a><\/p>\n        <\/div>\n\n        <div class=\"clear\"><\/div>\n\n                \n    <\/div>\n<\/div><\/div><div class=\"archive-item w1 post-2386 post type-post status-publish format-standard has-post-thumbnail category-others category-people\" data-category-72=\"1\" data-category-73=\"1\" itemtype=\"https:\/\/schema.org\/CreativeWork\" itemscope><div class=\"item-image post-media\"><a href=\"https:\/\/www.aldevaldesign.com\/es\/technology\/\"><img decoding=\"async\" width=\"447\" src=\"https:\/\/www.aldevaldesign.com\/wp-content\/uploads\/apollo13_images\/pexels-mo-eid-8657160-7cruwxh4plidbgwe5n27ekhgv2xemt9j32.jpg\" class=\"attachment-447x0x1xx90 size-447x0x1xx90 wp-post-image\" alt=\"\" itemprop=\"image\" \/><\/a><\/div>\n<div class=\"formatter\">\n    <div class=\"real-content hentry\">\n\n        <h2 class=\"post-title entry-title\" itemprop=\"headline\"><a href=\"https:\/\/www.aldevaldesign.com\/es\/technology\/\" itemprop=\"url\">C\u00f3mo la tecnolog\u00eda est\u00e1 revolucionando la arquitectura: impresi\u00f3n 3D, drones y m\u00e1s<\/a><\/h2>\n        <div class=\"entry-summary\" itemprop=\"text\">\n        <p>La arquitectura siempre ha sido una disciplina que combina creatividad y practicidad. Con la llegada de las nuevas tecnolog\u00edas, esta pr\u00e1ctica creativa se ha revolucionado. Los avances tecnol\u00f3gicos han tra\u00eddo\u2026<\/p>\n<p> <a class=\"more-link\" href=\"https:\/\/www.aldevaldesign.com\/es\/technology\/\">Leer m\u00e1s<\/a><\/p>\n        <\/div>\n\n        <div class=\"clear\"><\/div>\n\n                \n    <\/div>\n<\/div><\/div><div class=\"archive-item w1 post-2359 post type-post status-publish format-standard has-post-thumbnail category-news category-others category-post category-wordpress\" data-category-74=\"1\" data-category-72=\"1\" data-category-75=\"1\" data-category-70=\"1\" itemtype=\"https:\/\/schema.org\/CreativeWork\" itemscope><div class=\"item-image post-media\"><a href=\"https:\/\/www.aldevaldesign.com\/es\/treehouses\/\"><img decoding=\"async\" width=\"447\" src=\"https:\/\/www.aldevaldesign.com\/wp-content\/uploads\/apollo13_images\/pexels-eneida-nieves-803975-7cruk9woojtiex3zudeixk4k5mmzaqaybm.jpg\" class=\"attachment-447x0x1xx90 size-447x0x1xx90 wp-post-image\" alt=\"\" itemprop=\"image\" \/><\/a><\/div>\n<div class=\"formatter\">\n    <div class=\"real-content hentry\">\n\n        <h2 class=\"post-title entry-title\" itemprop=\"headline\"><a href=\"https:\/\/www.aldevaldesign.com\/es\/treehouses\/\" itemprop=\"url\">Treehouses: la tendencia ecol\u00f3gica del momento<\/a><\/h2>\n        <div class=\"entry-summary\" itemprop=\"text\">\n        <p>Si alguna vez so\u00f1aste con vivir entre las copas de los \u00e1rboles, te alegrar\u00e1 saber que las casas en los \u00e1rboles ya no son solo para ni\u00f1os. En estos d\u00edas, los adultos son...<\/p>\n<p> <a class=\"more-link\" href=\"https:\/\/www.aldevaldesign.com\/es\/treehouses\/\">Leer m\u00e1s<\/a><\/p>\n        <\/div>\n\n        <div class=\"clear\"><\/div>\n\n                \n    <\/div>\n<\/div><\/div><\/div><\/div>\t\t<\/div>\n\t\t\t\t<\/div>\n\t\t\t\t\t<\/div>\n\t\t<\/div>\n\t\t\t\t\t\t\t<\/div>\n\t\t<\/section>\n\t\t\t\t\t\t\t<\/div>","protected":false},"excerpt":{"rendered":"<p>Discover our blog The Impact of Architecture on Mental Health: Designing for Well-being Architecture has always played a crucial role in shaping our physical environment, but in&hellip;<\/p>\n<p> <a class=\"more-link\" href=\"https:\/\/www.aldevaldesign.com\/es\/treehouses\/\">Leer m\u00e1s<\/a><\/p>","protected":false},"author":1,"featured_media":0,"parent":0,"menu_order":0,"comment_status":"closed","ping_status":"closed","template":"","meta":{"om_disable_all_campaigns":false,"_mi_skip_tracking":false,"footnotes":""},"class_list":["post-12299","page","type-page","status-publish"],"_links":{"self":[{"href":"https:\/\/www.aldevaldesign.com\/es\/wp-json\/wp\/v2\/pages\/12299","targetHints":{"allow":["GET"]}}],"collection":[{"href":"https:\/\/www.aldevaldesign.com\/es\/wp-json\/wp\/v2\/pages"}],"about":[{"href":"https:\/\/www.aldevaldesign.com\/es\/wp-json\/wp\/v2\/types\/page"}],"author":[{"embeddable":true,"href":"https:\/\/www.aldevaldesign.com\/es\/wp-json\/wp\/v2\/users\/1"}],"replies":[{"embeddable":true,"href":"https:\/\/www.aldevaldesign.com\/es\/wp-json\/wp\/v2\/comments?post=12299"}],"version-history":[{"count":38,"href":"https:\/\/www.aldevaldesign.com\/es\/wp-json\/wp\/v2\/pages\/12299\/revisions"}],"predecessor-version":[{"id":14177,"href":"https:\/\/www.aldevaldesign.com\/es\/wp-json\/wp\/v2\/pages\/12299\/revisions\/14177"}],"wp:attachment":[{"href":"https:\/\/www.aldevaldesign.com\/es\/wp-json\/wp\/v2\/media?parent=12299"}],"curies":[{"name":"wp","href":"https:\/\/api.w.org\/{rel}","templated":true}]}}